{"id":4198,"date":"2025-05-11T09:23:17","date_gmt":"2025-05-11T07:23:17","guid":{"rendered":"https:\/\/danseplus.fr\/studio8\/?page_id=4198"},"modified":"2025-10-01T16:46:24","modified_gmt":"2025-10-01T14:46:24","slug":"les-videos-du-gala-de-danse-du-studio-8-2025","status":"publish","type":"page","link":"https:\/\/danseplus.fr\/studio8\/les-videos-du-gala-de-danse-du-studio-8-2025\/","title":{"rendered":"Les vid\u00e9os du gala de danse du Studio 8 2025"},"content":{"rendered":"<p>&nbsp;<\/p>\n<h2>GALA DE DANSE<br \/>\nDU STUDIO 8 \u00e9dition 2025<\/h2>\n<p>PREMI\u00c8RE PARTIE<br \/>\n<a href=\"https:\/\/vimeo.com\/1095318876\">T\u00e9l\u00e9chargez sur Vimeo<\/a><br \/>\n<iframe title=\"Premi\u00e8re partie\" src=\"https:\/\/player.vimeo.com\/video\/1095318876?badge=0&amp;autopause=0&amp;player_id=0&amp;app_id=58479\" width=\"640\" height=\"564\" frameborder=\"0\" allow=\"autoplay; fullscreen; picture-in-picture; clipboard-write; encrypted-media; web-share\"><\/iframe><br \/>\nDEUXI\u00c8ME PARTIE<br \/>\n<a href=\"https:\/\/vimeo.com\/1095318168\">T\u00e9l\u00e9chargez sur Vimeo<\/a><br \/>\n<iframe title=\"Deuxi\u00e8me partie\" src=\"https:\/\/player.vimeo.com\/video\/1095318168?badge=0&amp;autopause=0&amp;player_id=0&amp;app_id=58479\" width=\"640\" height=\"564\" frameborder=\"0\" allow=\"autoplay; fullscreen; picture-in-picture; clipboard-write; encrypted-media; web-share\"><\/iframe><\/p>\n","protected":false},"excerpt":{"rendered":"<p>&nbsp; GALA DE DANSE DU STUDIO 8 \u00e9dition 2025 PREMI\u00c8RE PARTIE T\u00e9l\u00e9chargez sur Vimeo DEUXI\u00c8ME PARTIE T\u00e9l\u00e9chargez sur Vimeo<\/p>\n","protected":false},"author":1,"featured_media":0,"parent":0,"menu_order":0,"comment_status":"closed","ping_status":"closed","template":"","meta":{"footnotes":""},"class_list":["post-4198","page","type-page","status-publish","hentry"],"_links":{"self":[{"href":"https:\/\/danseplus.fr\/studio8\/wp-json\/wp\/v2\/pages\/4198","targetHints":{"allow":["GET"]}}],"collection":[{"href":"https:\/\/danseplus.fr\/studio8\/wp-json\/wp\/v2\/pages"}],"about":[{"href":"https:\/\/danseplus.fr\/studio8\/wp-json\/wp\/v2\/types\/page"}],"author":[{"embeddable":true,"href":"https:\/\/danseplus.fr\/studio8\/wp-json\/wp\/v2\/users\/1"}],"replies":[{"embeddable":true,"href":"https:\/\/danseplus.fr\/studio8\/wp-json\/wp\/v2\/comments?post=4198"}],"version-history":[{"count":8,"href":"https:\/\/danseplus.fr\/studio8\/wp-json\/wp\/v2\/pages\/4198\/revisions"}],"predecessor-version":[{"id":4256,"href":"https:\/\/danseplus.fr\/studio8\/wp-json\/wp\/v2\/pages\/4198\/revisions\/4256"}],"wp:attachment":[{"href":"https:\/\/danseplus.fr\/studio8\/wp-json\/wp\/v2\/media?parent=4198"}],"curies":[{"name":"wp","href":"https:\/\/api.w.org\/{rel}","templated":true}]}}