{"id":4089,"date":"2024-05-05T18:39:53","date_gmt":"2024-05-05T16:39:53","guid":{"rendered":"https:\/\/danseplus.fr\/studio8\/?page_id=4089"},"modified":"2025-05-31T20:57:57","modified_gmt":"2025-05-31T18:57:57","slug":"commande-dvd-videos","status":"publish","type":"page","link":"https:\/\/danseplus.fr\/studio8\/commande-dvd-videos\/","title":{"rendered":"Commande DVD vid\u00e9os"},"content":{"rendered":"\t\t<div data-elementor-type=\"wp-page\" data-elementor-id=\"4089\" class=\"elementor elementor-4089\" data-elementor-post-type=\"page\">\n\t\t\t\t\t\t<section class=\"elementor-section elementor-top-section elementor-element elementor-element-45e675ac elementor-section-boxed elementor-section-height-default elementor-section-height-default\" data-id=\"45e675ac\" data-element_type=\"section\" data-e-type=\"section\">\n\t\t\t\t\t\t<div class=\"elementor-container elementor-column-gap-default\">\n\t\t\t\t\t<div class=\"elementor-column elementor-col-100 elementor-top-column elementor-element elementor-element-7d725585\" data-id=\"7d725585\" data-element_type=\"column\" data-e-type=\"column\">\n\t\t\t<div class=\"elementor-widget-wrap elementor-element-populated\">\n\t\t\t\t\t\t<div class=\"elementor-element elementor-element-b4a928f elementor-widget elementor-widget-heading\" data-id=\"b4a928f\" data-element_type=\"widget\" data-e-type=\"widget\" data-widget_type=\"heading.default\">\n\t\t\t\t<div class=\"elementor-widget-container\">\n\t\t\t\t\t<h2 class=\"elementor-heading-title elementor-size-default\">FA\u00ceTES VOTRE CHOIX<\/h2>\t\t\t\t<\/div>\n\t\t\t\t<\/div>\n\t\t\t\t\t<\/div>\n\t\t<\/div>\n\t\t\t\t\t<\/div>\n\t\t<\/section>\n\t\t\t\t<\/div>\n\t\t","protected":false},"excerpt":{"rendered":"<p>LE GALA DE DANSE DU STUDIO 8 &#8211; 2025 Sur cette page, vous pourrez : cr\u00e9er votre acc\u00e8s \u00e0 DANSE+ pour visionner le gala de danse sur tous vos \u00e9crans connect\u00e9s (smartphone, ordinateur, tablette, smart TV). FA\u00ceTES VOTRE CHOIX Le gala de danse sur tous vos \u00e9crans connect\u00e9s Disponible sur tous vos \u00e9crans connect\u00e9s quelques [&hellip;]<\/p>\n","protected":false},"author":1,"featured_media":0,"parent":0,"menu_order":0,"comment_status":"closed","ping_status":"closed","template":"elementor_canvas","meta":{"footnotes":""},"class_list":["post-4089","page","type-page","status-publish","hentry"],"_links":{"self":[{"href":"https:\/\/danseplus.fr\/studio8\/wp-json\/wp\/v2\/pages\/4089","targetHints":{"allow":["GET"]}}],"collection":[{"href":"https:\/\/danseplus.fr\/studio8\/wp-json\/wp\/v2\/pages"}],"about":[{"href":"https:\/\/danseplus.fr\/studio8\/wp-json\/wp\/v2\/types\/page"}],"author":[{"embeddable":true,"href":"https:\/\/danseplus.fr\/studio8\/wp-json\/wp\/v2\/users\/1"}],"replies":[{"embeddable":true,"href":"https:\/\/danseplus.fr\/studio8\/wp-json\/wp\/v2\/comments?post=4089"}],"version-history":[{"count":66,"href":"https:\/\/danseplus.fr\/studio8\/wp-json\/wp\/v2\/pages\/4089\/revisions"}],"predecessor-version":[{"id":4226,"href":"https:\/\/danseplus.fr\/studio8\/wp-json\/wp\/v2\/pages\/4089\/revisions\/4226"}],"wp:attachment":[{"href":"https:\/\/danseplus.fr\/studio8\/wp-json\/wp\/v2\/media?parent=4089"}],"curies":[{"name":"wp","href":"https:\/\/api.w.org\/{rel}","templated":true}]}}