{"id":3969,"date":"2023-06-05T12:48:49","date_gmt":"2023-06-05T10:48:49","guid":{"rendered":"https:\/\/danseplus.fr\/dansedutrey\/?page_id=3969"},"modified":"2025-06-04T09:07:23","modified_gmt":"2025-06-04T07:07:23","slug":"commande-dvd-videos","status":"publish","type":"page","link":"https:\/\/danseplus.fr\/dansedutrey\/commande-dvd-videos\/","title":{"rendered":"commande-dvd-videos"},"content":{"rendered":"\t\t<div data-elementor-type=\"wp-page\" data-elementor-id=\"3969\" class=\"elementor elementor-3969\" data-elementor-post-type=\"page\">\n\t\t\t\t\t\t<section class=\"elementor-section elementor-top-section elementor-element elementor-element-6260098c elementor-section-boxed elementor-section-height-default elementor-section-height-default\" data-id=\"6260098c\" data-element_type=\"section\" data-e-type=\"section\">\n\t\t\t\t\t\t<div class=\"elementor-container elementor-column-gap-default\">\n\t\t\t\t\t<div class=\"elementor-column elementor-col-100 elementor-top-column elementor-element elementor-element-60a19ea0\" data-id=\"60a19ea0\" data-element_type=\"column\" data-e-type=\"column\">\n\t\t\t<div class=\"elementor-widget-wrap elementor-element-populated\">\n\t\t\t\t\t\t<div class=\"elementor-element elementor-element-2c7b382a elementor-widget elementor-widget-text-editor\" data-id=\"2c7b382a\" data-element_type=\"widget\" data-e-type=\"widget\" data-widget_type=\"text-editor.default\">\n\t\t\t\t<div class=\"elementor-widget-container\">\n\t\t\t\t\t\t\t\t\t<h2>LE SPECTACLE DE DANSE DE L&rsquo;\u00c9COLE DE DANSE DUTREY<\/h2>\t\t\t\t\t\t\t\t<\/div>\n\t\t\t\t<\/div>\n\t\t\t\t<div class=\"elementor-element elementor-element-7aa7252 elementor-widget elementor-widget-text-editor\" data-id=\"7aa7252\" data-element_type=\"widget\" data-e-type=\"widget\" data-widget_type=\"text-editor.default\">\n\t\t\t\t<div class=\"elementor-widget-container\">\n\t\t\t\t\t\t\t\t\t<h4><span style=\"color: #ffffff; font-family: Fira Sans Condensed, sans-serif;\"><span style=\"font-size: 23px;\">\u00a0<\/span><\/span>CHOISISSEZ VOTRE FORMULE<\/h4>\t\t\t\t\t\t\t\t<\/div>\n\t\t\t\t<\/div>\n\t\t\t\t\t<\/div>\n\t\t<\/div>\n\t\t\t\t\t<\/div>\n\t\t<\/section>\n\t\t\t\t<\/div>\n\t\t","protected":false},"excerpt":{"rendered":"<p>LE SPECTACLE DE DANSE DE L&rsquo;\u00c9COLE DE DANSE DUTREY \u00a0CHOISISSEZ VOTRE FORMULE Le spectacle du vendredi Disponible sur tous vos \u00e9crans connect\u00e9s quelques heures apr\u00e8s le spectacle7\/7 jours 24\/24hQualit\u00e9 X4 par rapport \u00e0 un DVDT\u00e9l\u00e9chargeable en septembre Cliquer ici 25\u20ac Le spectacle du samedi Disponible sur tous vos \u00e9crans connect\u00e9s quelques heures apr\u00e8s le spectacle7\/7 [&hellip;]<\/p>\n","protected":false},"author":1,"featured_media":0,"parent":0,"menu_order":0,"comment_status":"closed","ping_status":"closed","template":"","meta":{"footnotes":""},"class_list":["post-3969","page","type-page","status-publish","hentry"],"_links":{"self":[{"href":"https:\/\/danseplus.fr\/dansedutrey\/wp-json\/wp\/v2\/pages\/3969","targetHints":{"allow":["GET"]}}],"collection":[{"href":"https:\/\/danseplus.fr\/dansedutrey\/wp-json\/wp\/v2\/pages"}],"about":[{"href":"https:\/\/danseplus.fr\/dansedutrey\/wp-json\/wp\/v2\/types\/page"}],"author":[{"embeddable":true,"href":"https:\/\/danseplus.fr\/dansedutrey\/wp-json\/wp\/v2\/users\/1"}],"replies":[{"embeddable":true,"href":"https:\/\/danseplus.fr\/dansedutrey\/wp-json\/wp\/v2\/comments?post=3969"}],"version-history":[{"count":64,"href":"https:\/\/danseplus.fr\/dansedutrey\/wp-json\/wp\/v2\/pages\/3969\/revisions"}],"predecessor-version":[{"id":4199,"href":"https:\/\/danseplus.fr\/dansedutrey\/wp-json\/wp\/v2\/pages\/3969\/revisions\/4199"}],"wp:attachment":[{"href":"https:\/\/danseplus.fr\/dansedutrey\/wp-json\/wp\/v2\/media?parent=3969"}],"curies":[{"name":"wp","href":"https:\/\/api.w.org\/{rel}","templated":true}]}}